{"id":1843,"date":"2023-03-28T13:39:30","date_gmt":"2023-03-28T11:39:30","guid":{"rendered":"https:\/\/sodecloze.fr\/?page_id=1843"},"modified":"2023-03-28T13:41:23","modified_gmt":"2023-03-28T11:41:23","slug":"conditions-dutilisations","status":"publish","type":"page","link":"https:\/\/sodecloze.fr\/index.php\/conditions-dutilisations\/","title":{"rendered":"Conditions d&#8217;utilisations"},"content":{"rendered":"\t\t<div data-elementor-type=\"wp-page\" data-elementor-id=\"1843\" class=\"elementor elementor-1843\">\n\t\t\t\t\t\t<section class=\"elementor-section elementor-top-section elementor-element elementor-element-d2ae409 elementor-section-boxed elementor-section-height-default elementor-section-height-default\" data-id=\"d2ae409\" data-element_type=\"section\" data-e-type=\"section\">\n\t\t\t\t\t\t<div class=\"elementor-container elementor-column-gap-default\">\n\t\t\t\t\t<div class=\"elementor-column elementor-col-100 elementor-top-column elementor-element elementor-element-03e6e1c\" data-id=\"03e6e1c\" data-element_type=\"column\" data-e-type=\"column\">\n\t\t\t<div class=\"elementor-widget-wrap elementor-element-populated\">\n\t\t\t\t\t\t<div class=\"elementor-element elementor-element-21ed03f elementor-widget elementor-widget-spacer\" data-id=\"21ed03f\" data-element_type=\"widget\" data-e-type=\"widget\" data-widget_type=\"spacer.default\">\n\t\t\t\t<div class=\"elementor-widget-container\">\n\t\t\t\t\t\t\t<div class=\"elementor-spacer\">\n\t\t\t<div class=\"elementor-spacer-inner\"><\/div>\n\t\t<\/div>\n\t\t\t\t\t\t<\/div>\n\t\t\t\t<\/div>\n\t\t\t\t\t<\/div>\n\t\t<\/div>\n\t\t\t\t\t<\/div>\n\t\t<\/section>\n\t\t\t\t<section class=\"elementor-section elementor-top-section elementor-element elementor-element-75d7c8a elementor-section-boxed elementor-section-height-default elementor-section-height-default\" data-id=\"75d7c8a\" data-element_type=\"section\" data-e-type=\"section\">\n\t\t\t\t\t\t<div class=\"elementor-container elementor-column-gap-default\">\n\t\t\t\t\t<div class=\"elementor-column elementor-col-100 elementor-top-column elementor-element elementor-element-7465e6c\" data-id=\"7465e6c\" data-element_type=\"column\" data-e-type=\"column\">\n\t\t\t<div class=\"elementor-widget-wrap elementor-element-populated\">\n\t\t\t\t\t\t<div class=\"elementor-element elementor-element-ac1529f elementor-widget elementor-widget-heading\" data-id=\"ac1529f\" data-element_type=\"widget\" data-e-type=\"widget\" data-widget_type=\"heading.default\">\n\t\t\t\t<div class=\"elementor-widget-container\">\n\t\t\t\t\t<h2 class=\"elementor-heading-title elementor-size-default\">Conditions d'utilisations<\/h2>\t\t\t\t<\/div>\n\t\t\t\t<\/div>\n\t\t\t\t\t<\/div>\n\t\t<\/div>\n\t\t\t\t\t<\/div>\n\t\t<\/section>\n\t\t\t\t<section class=\"elementor-section elementor-top-section elementor-element elementor-element-fe2162f elementor-section-boxed elementor-section-height-default elementor-section-height-default\" data-id=\"fe2162f\" data-element_type=\"section\" data-e-type=\"section\">\n\t\t\t\t\t\t<div class=\"elementor-container elementor-column-gap-default\">\n\t\t\t\t\t<div class=\"elementor-column elementor-col-100 elementor-top-column elementor-element elementor-element-6ec6887\" data-id=\"6ec6887\" data-element_type=\"column\" data-e-type=\"column\">\n\t\t\t<div class=\"elementor-widget-wrap elementor-element-populated\">\n\t\t\t\t\t\t<div class=\"elementor-element elementor-element-26c7fa4 elementor-widget elementor-widget-text-editor\" data-id=\"26c7fa4\" data-element_type=\"widget\" data-e-type=\"widget\" data-widget_type=\"text-editor.default\">\n\t\t\t\t<div class=\"elementor-widget-container\">\n\t\t\t\t\t\t\t\t\t<p>En utilisant le site SO DE CLOZE, vous acceptez les conditions d&#8217;utilisation d\u00e9crites ci-dessous. Si vous n&#8217;acceptez pas ces conditions, veuillez ne pas utiliser le site.<\/p><ol><li>Description du service SO DE CLOZE est un site de r\u00e9servation pour un g\u00eete, permettant aux utilisateurs de r\u00e9server un h\u00e9bergement pour une p\u00e9riode donn\u00e9e. Le site SO DE CLOZE ne garantit pas la disponibilit\u00e9 de l&#8217;h\u00e9bergement \u00e0 une date donn\u00e9e et se r\u00e9serve le droit de refuser ou d&#8217;annuler une r\u00e9servation \u00e0 tout moment.<\/li><li>Utilisation du site Les utilisateurs de SO DE CLOZE s&#8217;engagent \u00e0 utiliser le site conform\u00e9ment aux lois en vigueur et aux pr\u00e9sentes conditions d&#8217;utilisation. L&#8217;utilisation du site \u00e0 des fins ill\u00e9gales, frauduleuses ou nuisibles est strictement interdite. Les utilisateurs ne doivent pas perturber ou endommager le fonctionnement du site, ni tenter d&#8217;acc\u00e9der \u00e0 des zones prot\u00e9g\u00e9es ou restreintes du site sans autorisation.<\/li><li>Inscription L&#8217;inscription au site SO DE CLOZE est obligatoire pour effectuer une r\u00e9servation. Les utilisateurs doivent fournir des informations pr\u00e9cises, compl\u00e8tes et \u00e0 jour lors de l&#8217;inscription. Les utilisateurs sont responsables de la confidentialit\u00e9 de leur mot de passe et de leur compte, et doivent informer imm\u00e9diatement SO DE CLOZE en cas d&#8217;utilisation non autoris\u00e9e de leur compte.<\/li><li>R\u00e9servation et paiement La r\u00e9servation sur le site SO DE CLOZE est soumise \u00e0 disponibilit\u00e9. Les utilisateurs peuvent r\u00e9server en ligne en s\u00e9lectionnant les dates de leur s\u00e9jour et en effectuant le paiement selon les modalit\u00e9s indiqu\u00e9es. Les paiements sont s\u00e9curis\u00e9s et effectu\u00e9s via une plateforme de paiement tiers. SO DE CLOZE n&#8217;a pas acc\u00e8s aux informations bancaires des utilisateurs.<\/li><li>Annulation et remboursement Les annulations de r\u00e9servation sont soumises aux modalit\u00e9s d&#8217;annulation sp\u00e9cifi\u00e9es au moment de la r\u00e9servation. Les utilisateurs doivent annuler leur r\u00e9servation dans les d\u00e9lais impartis pour \u00eatre \u00e9ligibles \u00e0 un remboursement. SO DE CLOZE ne rembourse pas les frais de service en cas d&#8217;annulation.<\/li><li>Responsabilit\u00e9 SO DE CLOZE ne garantit pas la disponibilit\u00e9 de l&#8217;h\u00e9bergement et ne peut \u00eatre tenue responsable des pertes ou dommages r\u00e9sultant de l&#8217;utilisation du site ou de l&#8217;impossibilit\u00e9 d&#8217;utiliser le site. SO DE CLOZE n&#8217;est pas responsable des informations fournies par les propri\u00e9taires d&#8217;h\u00e9bergement, ni des prestations fournies par ces derniers.<\/li><li>Modification des conditions d&#8217;utilisation SO DE CLOZE se r\u00e9serve le droit de modifier les pr\u00e9sentes conditions d&#8217;utilisation \u00e0 tout moment. Les utilisateurs seront inform\u00e9s des modifications par email ou via le site. Les modifications seront applicables \u00e0 compter de leur publication sur le site.<\/li><li>Loi applicable et juridiction comp\u00e9tente Les pr\u00e9sentes conditions d&#8217;utilisation sont r\u00e9gies par le droit fran\u00e7ais. Tout litige relatif \u00e0 l&#8217;utilisation du site SO DE CLOZE sera soumis \u00e0 la juridiction des tribunaux comp\u00e9tents en France.<\/li><\/ol>\t\t\t\t\t\t\t\t<\/div>\n\t\t\t\t<\/div>\n\t\t\t\t\t<\/div>\n\t\t<\/div>\n\t\t\t\t\t<\/div>\n\t\t<\/section>\n\t\t\t\t<\/div>\n\t\t","protected":false},"excerpt":{"rendered":"<p>Conditions d&#8217;utilisations En utilisant le site SO DE CLOZE, vous acceptez les conditions d&#8217;utilisation d\u00e9crites ci-dessous. Si vous n&#8217;acceptez pas ces conditions, veuillez ne pas utiliser le site. Description du service SO DE CLOZE est un site de r\u00e9servation pour un g\u00eete, permettant aux utilisateurs de r\u00e9server un h\u00e9bergement pour une p\u00e9riode donn\u00e9e. Le site&#8230;<\/p>\n","protected":false},"author":1,"featured_media":0,"parent":0,"menu_order":0,"comment_status":"closed","ping_status":"closed","template":"","meta":{"_eb_attr":"","_kadence_starter_templates_imported_post":false,"_kad_post_transparent":"","_kad_post_title":"hide","_kad_post_layout":"fullwidth","_kad_post_sidebar_id":"","_kad_post_content_style":"unboxed","_kad_post_vertical_padding":"hide","_kad_post_feature":"hide","_kad_post_feature_position":"","_kad_post_header":false,"_kad_post_footer":false,"footnotes":""},"class_list":["post-1843","page","type-page","status-publish","hentry"],"_links":{"self":[{"href":"https:\/\/sodecloze.fr\/index.php\/wp-json\/wp\/v2\/pages\/1843","targetHints":{"allow":["GET"]}}],"collection":[{"href":"https:\/\/sodecloze.fr\/index.php\/wp-json\/wp\/v2\/pages"}],"about":[{"href":"https:\/\/sodecloze.fr\/index.php\/wp-json\/wp\/v2\/types\/page"}],"author":[{"embeddable":true,"href":"https:\/\/sodecloze.fr\/index.php\/wp-json\/wp\/v2\/users\/1"}],"replies":[{"embeddable":true,"href":"https:\/\/sodecloze.fr\/index.php\/wp-json\/wp\/v2\/comments?post=1843"}],"version-history":[{"count":4,"href":"https:\/\/sodecloze.fr\/index.php\/wp-json\/wp\/v2\/pages\/1843\/revisions"}],"predecessor-version":[{"id":1847,"href":"https:\/\/sodecloze.fr\/index.php\/wp-json\/wp\/v2\/pages\/1843\/revisions\/1847"}],"wp:attachment":[{"href":"https:\/\/sodecloze.fr\/index.php\/wp-json\/wp\/v2\/media?parent=1843"}],"curies":[{"name":"wp","href":"https:\/\/api.w.org\/{rel}","templated":true}]}}