{"id":3,"date":"2022-12-07T15:07:42","date_gmt":"2022-12-07T14:07:42","guid":{"rendered":"http:\/\/sodecloze.fr\/?page_id=3"},"modified":"2023-03-28T13:36:06","modified_gmt":"2023-03-28T11:36:06","slug":"politique-de-confidentialite","status":"publish","type":"page","link":"https:\/\/sodecloze.fr\/index.php\/politique-de-confidentialite\/","title":{"rendered":"Politique de confidentialit\u00e9"},"content":{"rendered":"\t\t<div data-elementor-type=\"wp-page\" data-elementor-id=\"3\" class=\"elementor elementor-3\">\n\t\t\t\t\t\t<section class=\"elementor-section elementor-top-section elementor-element elementor-element-52f79e2d elementor-section-boxed elementor-section-height-default elementor-section-height-default\" data-id=\"52f79e2d\" data-element_type=\"section\" data-e-type=\"section\">\n\t\t\t\t\t\t<div class=\"elementor-container elementor-column-gap-default\">\n\t\t\t\t\t<div class=\"elementor-column elementor-col-100 elementor-top-column elementor-element elementor-element-784349b3\" data-id=\"784349b3\" data-element_type=\"column\" data-e-type=\"column\">\n\t\t\t<div class=\"elementor-widget-wrap elementor-element-populated\">\n\t\t\t\t\t\t<div class=\"elementor-element elementor-element-26b6e587 elementor-widget elementor-widget-text-editor\" data-id=\"26b6e587\" data-element_type=\"widget\" data-e-type=\"widget\" data-widget_type=\"text-editor.default\">\n\t\t\t\t<div class=\"elementor-widget-container\">\n\t\t\t\t\t\t\t\t\t<p>Chez SO DE CLOZE, nous attachons une grande importance \u00e0 la protection de la vie priv\u00e9e de nos utilisateurs. Cette politique de confidentialit\u00e9 d\u00e9crit les informations que nous collectons, comment nous les utilisons et comment nous les prot\u00e9geons.<\/p>\n<ol>\n<li>Collecte d&#8217;informations Nous collectons des informations personnelles lors de l&#8217;inscription au site SO DE CLOZE et lors de la r\u00e9servation d&#8217;un h\u00e9bergement. Les informations collect\u00e9es comprennent le nom, l&#8217;adresse e-mail, l&#8217;adresse postale et les informations de paiement. Nous ne collectons pas d&#8217;informations sensibles telles que des donn\u00e9es relatives \u00e0 la sant\u00e9 ou \u00e0 la race.<\/li>\n<li>Utilisation des informations Nous utilisons les informations collect\u00e9es pour g\u00e9rer les r\u00e9servations d&#8217;h\u00e9bergement et pour communiquer avec les utilisateurs concernant leur r\u00e9servation. Nous pouvons \u00e9galement utiliser les informations pour am\u00e9liorer nos services et personnaliser l&#8217;exp\u00e9rience utilisateur. Nous ne partageons pas les informations personnelles des utilisateurs avec des tiers \u00e0 des fins de marketing.<\/li>\n<li>Protection des informations Nous prenons des mesures de s\u00e9curit\u00e9 raisonnables pour prot\u00e9ger les informations personnelles des utilisateurs contre la perte, le vol, l&#8217;utilisation abusive, l&#8217;acc\u00e8s non autoris\u00e9, la divulgation, la modification et la destruction. Nous utilisons des protocoles de s\u00e9curit\u00e9 tels que le chiffrement des donn\u00e9es et la restriction de l&#8217;acc\u00e8s aux informations.<\/li>\n<li>Cookies Nous utilisons des cookies sur le site SO DE CLOZE pour am\u00e9liorer l&#8217;exp\u00e9rience utilisateur et collecter des informations sur l&#8217;utilisation du site. Les utilisateurs peuvent d\u00e9sactiver les cookies dans les param\u00e8tres de leur navigateur, mais cela peut affecter la fonctionnalit\u00e9 du site.<\/li>\n<li>Acc\u00e8s et contr\u00f4le des informations Les utilisateurs peuvent acc\u00e9der \u00e0 leurs informations personnelles et les modifier en se connectant \u00e0 leur compte sur le site SO DE CLOZE. Les utilisateurs peuvent \u00e9galement demander la suppression de leurs informations personnelles en contactant SO DE CLOZE par e-mail.<\/li>\n<li>Modification de la politique de confidentialit\u00e9 SO DE CLOZE se r\u00e9serve le droit de modifier cette politique de confidentialit\u00e9 \u00e0 tout moment. Les modifications seront publi\u00e9es sur le site SO DE CLOZE et les utilisateurs seront inform\u00e9s par e-mail. Les modifications seront applicables \u00e0 compter de leur publication sur le site.<\/li>\n<li>Contact Si vous avez des questions ou des pr\u00e9occupations concernant cette politique de confidentialit\u00e9, veuillez nous contacter \u00e0 l&#8217;adresse e-mail suivante : [ins\u00e9rer l&#8217;adresse e-mail de contact].<\/li>\n<\/ol>\n<p>En utilisant le site SO DE CLOZE, vous acceptez la collecte et l&#8217;utilisation de vos informations personnelles conform\u00e9ment \u00e0 cette politique de confidentialit\u00e9.<\/p>\t\t\t\t\t\t\t\t<\/div>\n\t\t\t\t<\/div>\n\t\t\t\t\t<\/div>\n\t\t<\/div>\n\t\t\t\t\t<\/div>\n\t\t<\/section>\n\t\t\t\t<\/div>\n\t\t","protected":false},"excerpt":{"rendered":"<p>Chez SO DE CLOZE, nous attachons une grande importance \u00e0 la protection de la vie priv\u00e9e de nos utilisateurs. Cette politique de confidentialit\u00e9 d\u00e9crit les informations que nous collectons, comment nous les utilisons et comment nous les prot\u00e9geons. Collecte d&#8217;informations Nous collectons des informations personnelles lors de l&#8217;inscription au site SO DE CLOZE et lors&#8230;<\/p>\n","protected":false},"author":1,"featured_media":0,"parent":0,"menu_order":0,"comment_status":"closed","ping_status":"open","template":"","meta":{"_eb_attr":"","_kadence_starter_templates_imported_post":false,"_kad_post_transparent":"","_kad_post_title":"","_kad_post_layout":"","_kad_post_sidebar_id":"","_kad_post_content_style":"","_kad_post_vertical_padding":"","_kad_post_feature":"","_kad_post_feature_position":"","_kad_post_header":false,"_kad_post_footer":false,"footnotes":""},"class_list":["post-3","page","type-page","status-publish","hentry"],"_links":{"self":[{"href":"https:\/\/sodecloze.fr\/index.php\/wp-json\/wp\/v2\/pages\/3","targetHints":{"allow":["GET"]}}],"collection":[{"href":"https:\/\/sodecloze.fr\/index.php\/wp-json\/wp\/v2\/pages"}],"about":[{"href":"https:\/\/sodecloze.fr\/index.php\/wp-json\/wp\/v2\/types\/page"}],"author":[{"embeddable":true,"href":"https:\/\/sodecloze.fr\/index.php\/wp-json\/wp\/v2\/users\/1"}],"replies":[{"embeddable":true,"href":"https:\/\/sodecloze.fr\/index.php\/wp-json\/wp\/v2\/comments?post=3"}],"version-history":[{"count":3,"href":"https:\/\/sodecloze.fr\/index.php\/wp-json\/wp\/v2\/pages\/3\/revisions"}],"predecessor-version":[{"id":1834,"href":"https:\/\/sodecloze.fr\/index.php\/wp-json\/wp\/v2\/pages\/3\/revisions\/1834"}],"wp:attachment":[{"href":"https:\/\/sodecloze.fr\/index.php\/wp-json\/wp\/v2\/media?parent=3"}],"curies":[{"name":"wp","href":"https:\/\/api.w.org\/{rel}","templated":true}]}}